{"id":89,"date":"2015-10-08T00:02:28","date_gmt":"2015-10-07T23:02:28","guid":{"rendered":"http:\/\/nidenvol.be\/?page_id=89"},"modified":"2023-11-01T13:42:51","modified_gmt":"2023-11-01T12:42:51","slug":"horaires","status":"publish","type":"page","link":"https:\/\/nidenvol.be\/index.php\/horaires\/","title":{"rendered":"Les horaires"},"content":{"rendered":"<p><strong><span style=\"color: #93c01f;\">Date d&rsquo;ouverture : 11 AVRIL 2016<br \/>\n<\/span><strong>Nous pensons qu\u2019il faut un \u00e9quilibre entre le temps pass\u00e9 \u00e0 la maison et le temps pass\u00e9 en milieu d\u2019accueil. Nous estimons qu\u2019une journ\u00e9e en collectivit\u00e9, pour un enfant, ne doit pas \u00eatre trop longue afin de rester agr\u00e9able. Nous pensons aussi qu\u2019il est pr\u00e9f\u00e9rable pour l\u2019enfant de garder une continuit\u00e9 au niveau de la personne de r\u00e9f\u00e9rence au sein d\u2019une journ\u00e9e, ainsi, l&rsquo;enfant est prit en charge par la m\u00eame personne du matin au soir.<br \/>\nCes convictions, nous les avons transpos\u00e9es dans nos heures d\u2019ouverture hebdomadaire.<\/strong><\/strong><\/p>\n<p><span style=\"color: #ca3088;\"><strong>Le Nid&rsquo;envol est ouvert du lundi au vendredi de 8h \u00e0 17h<\/strong><\/span>.<br \/>\nDe cette fa\u00e7on, nous limitons la longueur des journ\u00e9es des enfants et les n\u00f4tres afin de garder une belle qualit\u00e9 de pr\u00e9sence au Nid\u2019Envol tout en conservant du temps pour \u00eatre en famille et se ressourcer. Ainsi, nous esp\u00e9rons que chacun y trouve un juste \u00e9quilibre.<\/p>\n<p>&nbsp;<\/p>\n","protected":false},"excerpt":{"rendered":"<p>Date d&rsquo;ouverture : 11 AVRIL 2016 Nous pensons qu\u2019il faut un \u00e9quilibre entre le temps pass\u00e9 \u00e0 la maison et le temps pass\u00e9 en milieu d\u2019accueil. Nous estimons qu\u2019une journ\u00e9e en collectivit\u00e9, pour un enfant, ne doit pas \u00eatre trop&hellip; <br \/><a class=\"read-more-button\" href=\"https:\/\/nidenvol.be\/index.php\/horaires\/\">Savoir plus<\/a><\/p>\n","protected":false},"author":1,"featured_media":0,"parent":0,"menu_order":0,"comment_status":"closed","ping_status":"closed","template":"","meta":{"footnotes":""},"class_list":["post-89","page","type-page","status-publish","hentry"],"_links":{"self":[{"href":"https:\/\/nidenvol.be\/index.php\/wp-json\/wp\/v2\/pages\/89","targetHints":{"allow":["GET"]}}],"collection":[{"href":"https:\/\/nidenvol.be\/index.php\/wp-json\/wp\/v2\/pages"}],"about":[{"href":"https:\/\/nidenvol.be\/index.php\/wp-json\/wp\/v2\/types\/page"}],"author":[{"embeddable":true,"href":"https:\/\/nidenvol.be\/index.php\/wp-json\/wp\/v2\/users\/1"}],"replies":[{"embeddable":true,"href":"https:\/\/nidenvol.be\/index.php\/wp-json\/wp\/v2\/comments?post=89"}],"version-history":[{"count":32,"href":"https:\/\/nidenvol.be\/index.php\/wp-json\/wp\/v2\/pages\/89\/revisions"}],"predecessor-version":[{"id":562,"href":"https:\/\/nidenvol.be\/index.php\/wp-json\/wp\/v2\/pages\/89\/revisions\/562"}],"wp:attachment":[{"href":"https:\/\/nidenvol.be\/index.php\/wp-json\/wp\/v2\/media?parent=89"}],"curies":[{"name":"wp","href":"https:\/\/api.w.org\/{rel}","templated":true}]}}