{"id":81,"date":"2015-10-07T23:50:26","date_gmt":"2015-10-07T22:50:26","guid":{"rendered":"http:\/\/nidenvol.be\/?page_id=81"},"modified":"2025-12-31T06:34:13","modified_gmt":"2025-12-31T05:34:13","slug":"dons","status":"publish","type":"page","link":"https:\/\/nidenvol.be\/index.php\/dons\/","title":{"rendered":"Appel \u00e0 dons"},"content":{"rendered":"<p><strong>L&rsquo;ASBL Nid&rsquo;Envol a toujours <span style=\"color: #ca3088;\"><strong>BESOIN DE VOTRE AIDE<\/strong><\/span> pour concr\u00e9tiser ses projets&#8230;<br \/><\/strong>Quel que soit le montant, vous pouvez <span style=\"color: #93c01f;\"><strong>FAIRE UN DON<\/strong><\/span> sur le compte <span style=\"color: #ca3088;\"><strong>BE31 7320 3729 6955<\/strong><\/span> au nom de l&rsquo;<span style=\"color: #ca3088;\"><strong>ASBL Nid&rsquo;Envol<\/strong><\/span>. Par ailleurs, si vous avez des <strong>jeux<\/strong> adapt\u00e9s aux enfants entre 0 et 3 ans, en <strong>bon \u00e9tat<\/strong> et <strong>en bois ou en tissus<\/strong> (pas de plastique), nous aimons leur donner <strong>une seconde vie au Nid&rsquo;Envol<\/strong>. Merci d&rsquo;appeler le 0479 76 28 74.<\/p>\n<p><strong>Gr\u00e2ce \u00e0 de nombreux donateurs, le Nid&rsquo;Envol a ouvert ses portes en \u00e9tant bien \u00e9quip\u00e9 \ud83d\ude42 <br \/><\/strong><strong><strong><span style=\"color: #93c01f;\">DE TOUT COEUR, MERCI A EUX, MERCI A VOUS&#8230;<br \/><\/span><\/strong>Apr\u00e8s plus de 9 ann\u00e9es de fonctionnement, une partie du mat\u00e9riel est \u00e0 remplacer ou r\u00e9parer et nous aimerions pouvoir rafra\u00eechir les peintures.<\/strong><\/p>\n<p>Nous vous proposerons \u00e9galement bient\u00f4t de soutenir de mani\u00e8re plus r\u00e9guli\u00e8re et constante l&rsquo;ASBL Nid&rsquo;Envol en proc\u00e9dant \u00e0 un <strong>don r\u00e9current<\/strong> via d&rsquo;autres moyens de paiement (cartes de cr\u00e9dit ou virement SEPA).<\/p>\n<p>Le d\u00e9fi est maintenant de continuer dans la dur\u00e9e&#8230;<\/p>\n<p><strong><span style=\"color: #ca3088;\">MERCI A VOUS !<\/span><\/strong><\/p>\n\n\n<p><\/p>\n","protected":false},"excerpt":{"rendered":"<p>L&rsquo;ASBL Nid&rsquo;Envol a toujours BESOIN DE VOTRE AIDE pour concr\u00e9tiser ses projets&#8230;Quel que soit le montant, vous pouvez FAIRE UN DON sur le compte BE31 7320 3729 6955 au nom de l&rsquo;ASBL Nid&rsquo;Envol. Par ailleurs, si vous avez des jeux&hellip; <br \/><a class=\"read-more-button\" href=\"https:\/\/nidenvol.be\/index.php\/dons\/\">Savoir plus<\/a><\/p>\n","protected":false},"author":1,"featured_media":180,"parent":0,"menu_order":0,"comment_status":"closed","ping_status":"closed","template":"","meta":{"footnotes":""},"class_list":["post-81","page","type-page","status-publish","has-post-thumbnail","hentry"],"_links":{"self":[{"href":"https:\/\/nidenvol.be\/index.php\/wp-json\/wp\/v2\/pages\/81","targetHints":{"allow":["GET"]}}],"collection":[{"href":"https:\/\/nidenvol.be\/index.php\/wp-json\/wp\/v2\/pages"}],"about":[{"href":"https:\/\/nidenvol.be\/index.php\/wp-json\/wp\/v2\/types\/page"}],"author":[{"embeddable":true,"href":"https:\/\/nidenvol.be\/index.php\/wp-json\/wp\/v2\/users\/1"}],"replies":[{"embeddable":true,"href":"https:\/\/nidenvol.be\/index.php\/wp-json\/wp\/v2\/comments?post=81"}],"version-history":[{"count":20,"href":"https:\/\/nidenvol.be\/index.php\/wp-json\/wp\/v2\/pages\/81\/revisions"}],"predecessor-version":[{"id":814,"href":"https:\/\/nidenvol.be\/index.php\/wp-json\/wp\/v2\/pages\/81\/revisions\/814"}],"wp:featuredmedia":[{"embeddable":true,"href":"https:\/\/nidenvol.be\/index.php\/wp-json\/wp\/v2\/media\/180"}],"wp:attachment":[{"href":"https:\/\/nidenvol.be\/index.php\/wp-json\/wp\/v2\/media?parent=81"}],"curies":[{"name":"wp","href":"https:\/\/api.w.org\/{rel}","templated":true}]}}