{"id":77,"date":"2015-10-07T23:46:20","date_gmt":"2015-10-07T22:46:20","guid":{"rendered":"http:\/\/nidenvol.be\/?page_id=77"},"modified":"2025-11-20T19:02:22","modified_gmt":"2025-11-20T18:02:22","slug":"offre-demploi","status":"publish","type":"page","link":"https:\/\/nidenvol.be\/index.php\/offre-demploi\/","title":{"rendered":"Faire partie de l&rsquo;\u00e9quipe"},"content":{"rendered":"<h2><span style=\"color: #ca3088;\">Notre \u00e9quipe est actuellement compl\u00e8te et en m\u00eame temps&#8230;<\/span><\/h2>\n<p><strong>SI NOS VALEURS VOUS TOUCHENT ET QUE LA DESCRIPTION CI-DESSOUS VOUS INSPIRE ;<br \/>\nENVOYEZ, SANS ATTENDRE, VOTRE CV ET UNE <span style=\"color: #93c01f;\">LETTRE DE MOTIVATION ORIGINALE<\/span> PAR EMAIL : <a href=\"mailto:nidenvol.lln.be@gmail.com\">nidenvol.lln.be@gmail.com<\/a><\/strong><\/p>\n<ul>\n<li><b>Bienveillance<\/b>\u00a0(Douceur, Soutien, Patience, Accueil, Joie, Partage, CNV, &#8230; )<\/li>\n<li><b>Ecoute<\/b>\u00a0(Empathie, non-jugement, disponibilit\u00e9, Souplesse, &#8230;)<\/li>\n<li><b>Respect<\/b>\u00a0(Tol\u00e9rance, Adaptabilit\u00e9, Gratitude, Reconnaissance, Pr\u00e9servation de la Nature, &#8230; )<\/li>\n<li><b>S\u00e9curit\u00e9<\/b>\u00a0(Appartenance, confiance, Autonomie, Continuit\u00e9, Stabilit\u00e9, &#8230;)<\/li>\n<li><b>Engagement<\/b>\u00a0(Coop\u00e9ration, Entraide, Coh\u00e9sion, Optimisme, Responsabilit\u00e9, Auto-d\u00e9termination, Formation continue, Connaissance de soi, &#8230;)<\/li>\n<\/ul>\n<p><strong><span style=\"color: #ca3088;\">* POUR CET ENGAGEMENT, IL EST IMPERATIF :<br \/>\n1. d&rsquo;\u00eatre dans les conditions d&rsquo;engagement APE<br \/>\n2. <\/span><\/strong><strong><span style=\"color: #ca3088;\">d&rsquo;avoir un dipl\u00f4me donnant acc\u00e8s \u00e0 la fonction d\u2019accueil selon les crit\u00e8res ONE (voir ci-dessous)<br \/>\n<\/span><\/strong><\/p>\n<p><strong><em>\u2022 Dans l\u2019enseignement de plein exercice :<\/em><\/strong><br \/>\n&#8211; Certificat de qualification <strong>pu\u00e9riculteur\/pu\u00e9ricultrice<\/strong><br \/>\n&#8211; Certificat de qualification <strong>agent\/agente d&rsquo;\u00e9ducation<\/strong><\/p>\n<p><strong><em>\u2022 Dans l\u2019enseignement de promotion sociale :<\/em><\/strong><br \/>\n&#8211; Certificat de qualification<strong> auxiliaire de l&rsquo;enfance<\/strong> avec CESS ;<br \/>\n&#8211; Certificat de qualification <strong>\u00e9ducateur\/\u00e9ducatrice<\/strong> avec CESS ;<\/p>\n<p><strong><em>\u2022 Dans la formation professionnelle :<\/em><\/strong><br \/>\n&#8211; Dipl\u00f4me de formation de chef\/cheffe d&rsquo;entreprise : <strong>accueillant\/accueillante d&rsquo;enfants<\/strong> avec CESS ;<\/p>\n<p>\u2022 <strong><em>Dans la formation sup\u00e9rieure non universitaire :<br \/>\n<\/em><\/strong>&#8211; Bachelier en <strong>Accueil et Education du Jeune Enfant<\/strong> (nouvelle formation de niveau sup\u00e9rieur, d\u00e9marr\u00e9e en septembre 2023)<\/p>\n<p><strong><span style=\"color: #ca3088;\">3. d&rsquo;\u00eatre pr\u00eat.e \u00e0 se former en Communication Non Violente (CNV) selon l&rsquo;approche de Marshall Rosenberg<\/span><\/strong><\/p>\n<p><strong>ET SI VOUS AVEZ ENVIE DE TRAVAILLER DANS CET ESPRIT :<\/strong><\/p>\n<p><span style=\"color: #ca3088;\">Le r\u00f4le de la r\u00e9f\u00e9rente<\/span><\/p>\n<blockquote>\n<ul>\n<li><b>ACCUEILLIR\u00a0<\/b>l&rsquo;enfant tel qu&rsquo;il est et l\u00e0 o\u00f9 il en est<\/li>\n<li>Avoir une vraie\u00a0<b>QUALITE DE PRESENCE<\/b>\u00a0et \u00eatre\u00a0<b>DISPONIBLE<\/b>\u00a0pour lui<\/li>\n<li>Construire une\u00a0<b>RELATION PRIVILEGIEE<\/b>\u00a0avec\u00a0<i>chaque<\/i>\u00a0enfant<\/li>\n<li>Apprendre \u00e0\u00a0<b>CONNAITRE\u00a0<\/b>l&rsquo;enfant, son histoire, sa famille, et \u00eatre capable de lui en parler<\/li>\n<li>Identifier ses\u00a0<b>BESOINS<\/b>\u00a0(physiques et affectifs) et veiller \u00e0 les nourrir<\/li>\n<li>Accompagner ses\u00a0<b>EMOTIONS<\/b>\u00a0et l&rsquo;aider \u00e0 les reconnaitre, les verbaliser<\/li>\n<li>Donner\u00a0<b>SENS<\/b>\u00a0\u00e0 ce qu&rsquo;il ressent, ce qu&rsquo;il vit, ce qu&rsquo;il voit<\/li>\n<li><b>JOUER<\/b>\u00a0avec l\u2019enfant et veiller \u00e0 son bon\u00a0<b>DEVELOPPEMENT<\/b><\/li>\n<li><b>ENCOURAGER<\/b>\u00a0l&rsquo;enfant dans sa prise d&rsquo;<b>AUTONOMIE<\/b><\/li>\n<li>Prendre le temps de l&rsquo;<b>OBSERVER<\/b><\/li>\n<li>L&rsquo;aider \u00e0\u00a0<b>TROUVER SA PLACE<\/b>\u00a0dans la collectivit\u00e9<\/li>\n<li>Aller en promenade et l&rsquo;initier aux\u00a0<b>JOIES<\/b>\u00a0de la\u00a0<b>VIE DEHORS<\/b><\/li>\n<li><b>S&rsquo;EMERVEILLER\u00a0<\/b>avec lui de tous les tr\u00e9sors de la nature<\/li>\n<li><b>ACCEPTER<\/b>, qu\u2019un jour, l&rsquo;enfant n\u2019ait plus besoin de vous<\/li>\n<\/ul>\n<\/blockquote>\n<p><span style=\"color: #ca3088;\">En lien avec les familles<\/span><\/p>\n<blockquote>\n<ul>\n<li>Accueillir chaleureusement chaque parent<\/li>\n<li>Prendre le temps pour cr\u00e9er du lien et d\u00e9velopper sa confiance<\/li>\n<li>Entendre ses incertitudes<\/li>\n<li>Etre \u00e0 l\u2019\u00e9coute et dans le non jugement<\/li>\n<li>Garantir le secret professionnel<\/li>\n<\/ul>\n<\/blockquote>\n<p><span style=\"color: #ca3088;\">S&rsquo;impliquer dans une dynamique d\u2019\u00e9quipe<\/span><\/p>\n<blockquote>\n<ul>\n<li>Travailler dans un esprit de coop\u00e9ration et d&rsquo;entre-aide mutuelle<\/li>\n<li>Avoir une vision positive et choisir de cultiver la joie<\/li>\n<li>Etre dans la bienveillance et le respect de soi et de l\u2019autre<\/li>\n<li>Entretenir la compl\u00e9mentarit\u00e9, la stabilit\u00e9 et la continuit\u00e9<\/li>\n<li>Etre capable de se remettre en question et avoir envie d&rsquo;\u00e9voluer<\/li>\n<li>S&rsquo;engager dans la formation continue et dans un travail en d\u00e9veloppement personnel<\/li>\n<li>Participer aux r\u00e9unions d\u2019\u00e9quipe et aux r\u00e9unions de parents<\/li>\n<li>Mettre en pratique le projet p\u00e9dagogique au quotidien<\/li>\n<li>Savoir prendre ses responsabilit\u00e9s<\/li>\n<li>Soutenir le Nid&rsquo;Envol et proposer des id\u00e9es<\/li>\n<li>S&rsquo;impliquer dans les \u00e9v\u00e8nements et les activit\u00e9s organis\u00e9e par la cr\u00e8che<\/li>\n<\/ul>\n<\/blockquote>\n<p>&nbsp;<\/p>\n","protected":false},"excerpt":{"rendered":"<p>Notre \u00e9quipe est actuellement compl\u00e8te et en m\u00eame temps&#8230; SI NOS VALEURS VOUS TOUCHENT ET QUE LA DESCRIPTION CI-DESSOUS VOUS INSPIRE ; ENVOYEZ, SANS ATTENDRE, VOTRE CV ET UNE LETTRE DE MOTIVATION ORIGINALE PAR EMAIL : nidenvol.lln.be@gmail.com Bienveillance\u00a0(Douceur, Soutien, Patience,&hellip; <br \/><a class=\"read-more-button\" href=\"https:\/\/nidenvol.be\/index.php\/offre-demploi\/\">Savoir plus<\/a><\/p>\n","protected":false},"author":1,"featured_media":0,"parent":0,"menu_order":0,"comment_status":"closed","ping_status":"closed","template":"","meta":{"footnotes":""},"class_list":["post-77","page","type-page","status-publish","hentry"],"_links":{"self":[{"href":"https:\/\/nidenvol.be\/index.php\/wp-json\/wp\/v2\/pages\/77","targetHints":{"allow":["GET"]}}],"collection":[{"href":"https:\/\/nidenvol.be\/index.php\/wp-json\/wp\/v2\/pages"}],"about":[{"href":"https:\/\/nidenvol.be\/index.php\/wp-json\/wp\/v2\/types\/page"}],"author":[{"embeddable":true,"href":"https:\/\/nidenvol.be\/index.php\/wp-json\/wp\/v2\/users\/1"}],"replies":[{"embeddable":true,"href":"https:\/\/nidenvol.be\/index.php\/wp-json\/wp\/v2\/comments?post=77"}],"version-history":[{"count":35,"href":"https:\/\/nidenvol.be\/index.php\/wp-json\/wp\/v2\/pages\/77\/revisions"}],"predecessor-version":[{"id":777,"href":"https:\/\/nidenvol.be\/index.php\/wp-json\/wp\/v2\/pages\/77\/revisions\/777"}],"wp:attachment":[{"href":"https:\/\/nidenvol.be\/index.php\/wp-json\/wp\/v2\/media?parent=77"}],"curies":[{"name":"wp","href":"https:\/\/api.w.org\/{rel}","templated":true}]}}