{"id":32,"date":"2015-10-07T20:31:13","date_gmt":"2015-10-07T19:31:13","guid":{"rendered":"http:\/\/nidenvol.be\/?page_id=32"},"modified":"2022-06-16T12:58:50","modified_gmt":"2022-06-16T11:58:50","slug":"nos-objectifs","status":"publish","type":"page","link":"https:\/\/nidenvol.be\/index.php\/nos-objectifs\/","title":{"rendered":"Nos objectifs"},"content":{"rendered":"<ul>\n<li>Cr\u00e9er des <span style=\"color: #ca3088;\"><strong>liens<\/strong><\/span> et construire avec les familles une relation bas\u00e9e sur le <span style=\"color: #ca3088;\"><strong>respect<\/strong><\/span> mutuel, l\u2019\u00e9coute et la <span style=\"color: #ca3088;\"><strong>communication<\/strong><\/span><\/li>\n<li>Etre au plus pr\u00e8s de l&rsquo;enfant pour l\u2019aider \u00e0 se construire et <span style=\"color: #ca3088;\"><strong>s\u2019\u00e9panouir<\/strong><\/span><\/li>\n<li>Accepter ses <span style=\"color: #ca3088;\"><strong>\u00e9motions<\/strong><\/span> et l&rsquo;aider \u00e0 les comprendre<\/li>\n<li>Consolider sa <span style=\"color: #ca3088;\"><strong>confiance<\/strong><\/span> en lui<\/li>\n<li>Encourager sa recherche d\u2019<span style=\"color: #ca3088;\"><strong>autonomie<\/strong><\/span><\/li>\n<li>Accompagner dans son envie de <span style=\"color: #ca3088;\"><strong>d\u00e9couvrir<\/strong><\/span> le monde qui l\u2019entoure<\/li>\n<li>Favoriser la\u00a0<span style=\"color: #ca3088;\"><strong>coop\u00e9ration et\u00a0<\/strong><\/span><span style=\"color: #ca3088;\"><strong>l&rsquo;entraide<\/strong><\/span><\/li>\n<li>L\u2019initier aux <span style=\"color: #ca3088;\"><strong>r\u00e8gles de vie<\/strong><\/span> en communaut\u00e9 (extra-familiale) et d\u00e9velopper sa\u00a0<span style=\"color: #ca3088;\"><strong>bienveillance<\/strong><\/span><\/li>\n<li>Le sensibiliser au respect de la <span style=\"color: #93c01f;\"><strong>nature<\/strong><\/span> et au rythme des <span style=\"color: #93c01f;\"><strong>saisons<\/strong><\/span><\/li>\n<li>Lui donner go\u00fbt \u00e0 une <span style=\"color: #ca3088;\"><strong>alimentation<\/strong><\/span> saine et <span style=\"color: #93c01f;\"><strong>bio<\/strong><\/span><\/li>\n<\/ul>\n","protected":false},"excerpt":{"rendered":"<p>Cr\u00e9er des liens et construire avec les familles une relation bas\u00e9e sur le respect mutuel, l\u2019\u00e9coute et la communication Etre au plus pr\u00e8s de l&rsquo;enfant pour l\u2019aider \u00e0 se construire et s\u2019\u00e9panouir Accepter ses \u00e9motions et l&rsquo;aider \u00e0 les comprendre&hellip; <br \/><a class=\"read-more-button\" href=\"https:\/\/nidenvol.be\/index.php\/nos-objectifs\/\">Savoir plus<\/a><\/p>\n","protected":false},"author":1,"featured_media":183,"parent":0,"menu_order":0,"comment_status":"closed","ping_status":"closed","template":"","meta":{"footnotes":""},"class_list":["post-32","page","type-page","status-publish","has-post-thumbnail","hentry"],"_links":{"self":[{"href":"https:\/\/nidenvol.be\/index.php\/wp-json\/wp\/v2\/pages\/32","targetHints":{"allow":["GET"]}}],"collection":[{"href":"https:\/\/nidenvol.be\/index.php\/wp-json\/wp\/v2\/pages"}],"about":[{"href":"https:\/\/nidenvol.be\/index.php\/wp-json\/wp\/v2\/types\/page"}],"author":[{"embeddable":true,"href":"https:\/\/nidenvol.be\/index.php\/wp-json\/wp\/v2\/users\/1"}],"replies":[{"embeddable":true,"href":"https:\/\/nidenvol.be\/index.php\/wp-json\/wp\/v2\/comments?post=32"}],"version-history":[{"count":5,"href":"https:\/\/nidenvol.be\/index.php\/wp-json\/wp\/v2\/pages\/32\/revisions"}],"predecessor-version":[{"id":519,"href":"https:\/\/nidenvol.be\/index.php\/wp-json\/wp\/v2\/pages\/32\/revisions\/519"}],"wp:featuredmedia":[{"embeddable":true,"href":"https:\/\/nidenvol.be\/index.php\/wp-json\/wp\/v2\/media\/183"}],"wp:attachment":[{"href":"https:\/\/nidenvol.be\/index.php\/wp-json\/wp\/v2\/media?parent=32"}],"curies":[{"name":"wp","href":"https:\/\/api.w.org\/{rel}","templated":true}]}}