{"id":27,"date":"2015-10-07T20:20:13","date_gmt":"2015-10-07T19:20:13","guid":{"rendered":"http:\/\/nidenvol.be\/?page_id=27"},"modified":"2023-12-18T15:36:46","modified_gmt":"2023-12-18T14:36:46","slug":"nos-valeurs","status":"publish","type":"page","link":"https:\/\/nidenvol.be\/index.php\/nos-valeurs\/","title":{"rendered":"Nos valeurs"},"content":{"rendered":"<p><a href=\"https:\/\/nidenvol.be\/wp-content\/uploads\/2023\/12\/Valeurs.jpg\"><img loading=\"lazy\" decoding=\"async\" class=\"alignnone  wp-image-574\" src=\"https:\/\/nidenvol.be\/wp-content\/uploads\/2023\/12\/Valeurs-300x216.jpg\" alt=\"\" width=\"613\" height=\"441\" srcset=\"https:\/\/nidenvol.be\/wp-content\/uploads\/2023\/12\/Valeurs-300x216.jpg 300w, https:\/\/nidenvol.be\/wp-content\/uploads\/2023\/12\/Valeurs-768x553.jpg 768w, https:\/\/nidenvol.be\/wp-content\/uploads\/2023\/12\/Valeurs-1024x737.jpg 1024w, https:\/\/nidenvol.be\/wp-content\/uploads\/2023\/12\/Valeurs-1170x842.jpg 1170w, https:\/\/nidenvol.be\/wp-content\/uploads\/2023\/12\/Valeurs.jpg 1822w\" sizes=\"auto, (max-width: 613px) 100vw, 613px\" \/><\/a><\/p>\n<p><strong>Dans l&rsquo;\u00e9quipe et \u00e0 travers le projet p\u00e9dagogique<\/strong><\/p>\n<ul>\n<li><strong>BIENVEILLANCE :\u00a0<span style=\"color: #ca3088;\">Accueil, Partage, Soutien, Douceur, Ancrage, Communication positive<\/span><\/strong><\/li>\n<li><strong>ECOUTE : <span style=\"color: #ca3088;\">Empathie, Disponibilit\u00e9, Accompagnement des \u00e9motions, CNV<\/span><\/strong><\/li>\n<li><strong>SECURITE : <span style=\"color: #ca3088;\">Confiance (en soi et en l&rsquo;autre), Stabilit\u00e9, Continuit\u00e9, Appartenance, Autonomie<\/span><\/strong><\/li>\n<li><strong>ENGAGEMENT : <span style=\"color: #ca3088;\">Responsabilit\u00e9, Coop\u00e9ration, Coh\u00e9rence, Transmission<\/span><\/strong><\/li>\n<li><strong>RESPECT : <span style=\"color: #ca3088;\">Cadre &amp; Limites, Consid\u00e9ration, Tol\u00e9rance, Adaptabilit\u00e9, Pr\u00e9servation de la Nature<\/span><\/strong><\/li>\n<\/ul>\n<p><strong>Pour l&rsquo;enfant par le biais de l&rsquo;encadrement propos\u00e9<\/strong><\/p>\n<ul>\n<li><strong>JOIE\u00a0<span style=\"color: #ca3088;\">au plaisir du jeu, de la vie \u00e0 l&rsquo;ext\u00e9rieur, de l&rsquo;exploration et du lien avec les autres<\/span><\/strong><strong><br \/>\n<\/strong><\/li>\n<li><strong>DECOUVERTE <span style=\"color: #ca3088;\">de la nature, de lui-m\u00eame, de ses capacit\u00e9s, de ses besoins et de ses \u00e9motions<\/span><\/strong><\/li>\n<li><strong>DEVELOPPEMENT<span style=\"color: #ca3088;\"> de sa confiance en lui (et en l&rsquo;autre), de ses comp\u00e9tences psychomotrices, de son intelligence \u00e9motionnelle et de ses aptitudes \u00e0 vivre ensemble\u00a0<\/span><\/strong><\/li>\n<li><strong>AUTONOMIE\u00a0<span style=\"color: #ca3088;\">en lui offrant une libert\u00e9 v\u00e9ritable et bien pens\u00e9e afin qu&rsquo;il soit Acteur de sa vie<\/span><\/strong><\/li>\n<\/ul>\n<p>Notre ligne de conduite, extrait du livre de Christine SCHUHL :<br \/>\n\u00ab\u00a0Vivre en cr\u00e8che &#8211; Rem\u00e9dier aux douces violences\u00a0\u00bb<\/p>\n<blockquote><p>Ne pas porter de jugement sur l\u2019enfant et sa famille,<br \/>\nMa\u00eetriser les paroles au-dessus de la t\u00eate de l\u2019enfant,<br \/>\nEviter les surnoms syst\u00e9matiques,<br \/>\nLaisser les doudous \u00e0 disposition,<br \/>\nFaire confiance \u00e0 l\u2019enfant,<br \/>\nNe pas forcer l\u2019enfant,<br \/>\nNe pas poser une \u00e9tiquette,<br \/>\nRespecter l\u2019intimit\u00e9 de l\u2019enfant,<br \/>\nValoriser et encourager l\u2019enfant,<br \/>\nMettre des mots sur ce que l\u2019enfant va vivre et est en train de vivre,<br \/>\nS\u2019adresser \u00e0 l\u2019enfant en utilisant le \u00ab je \u00bb et le \u00ab tu \u00bb,<br \/>\nNe pas brusquer l\u2019enfant, tant dans les paroles que dans les gestes.<\/p><\/blockquote>\n","protected":false},"excerpt":{"rendered":"<p>Dans l&rsquo;\u00e9quipe et \u00e0 travers le projet p\u00e9dagogique BIENVEILLANCE :\u00a0Accueil, Partage, Soutien, Douceur, Ancrage, Communication positive ECOUTE : Empathie, Disponibilit\u00e9, Accompagnement des \u00e9motions, CNV SECURITE : Confiance (en soi et en l&rsquo;autre), Stabilit\u00e9, Continuit\u00e9, Appartenance, Autonomie ENGAGEMENT : Responsabilit\u00e9, Coop\u00e9ration,&hellip; <br \/><a class=\"read-more-button\" href=\"https:\/\/nidenvol.be\/index.php\/nos-valeurs\/\">Savoir plus<\/a><\/p>\n","protected":false},"author":1,"featured_media":0,"parent":0,"menu_order":0,"comment_status":"closed","ping_status":"closed","template":"","meta":{"footnotes":""},"class_list":["post-27","page","type-page","status-publish","hentry"],"_links":{"self":[{"href":"https:\/\/nidenvol.be\/index.php\/wp-json\/wp\/v2\/pages\/27","targetHints":{"allow":["GET"]}}],"collection":[{"href":"https:\/\/nidenvol.be\/index.php\/wp-json\/wp\/v2\/pages"}],"about":[{"href":"https:\/\/nidenvol.be\/index.php\/wp-json\/wp\/v2\/types\/page"}],"author":[{"embeddable":true,"href":"https:\/\/nidenvol.be\/index.php\/wp-json\/wp\/v2\/users\/1"}],"replies":[{"embeddable":true,"href":"https:\/\/nidenvol.be\/index.php\/wp-json\/wp\/v2\/comments?post=27"}],"version-history":[{"count":18,"href":"https:\/\/nidenvol.be\/index.php\/wp-json\/wp\/v2\/pages\/27\/revisions"}],"predecessor-version":[{"id":575,"href":"https:\/\/nidenvol.be\/index.php\/wp-json\/wp\/v2\/pages\/27\/revisions\/575"}],"wp:attachment":[{"href":"https:\/\/nidenvol.be\/index.php\/wp-json\/wp\/v2\/media?parent=27"}],"curies":[{"name":"wp","href":"https:\/\/api.w.org\/{rel}","templated":true}]}}