{"id":247,"date":"2015-12-20T14:51:12","date_gmt":"2015-12-20T13:51:12","guid":{"rendered":"http:\/\/nidenvol.be\/?page_id=247"},"modified":"2022-06-30T09:51:32","modified_gmt":"2022-06-30T08:51:32","slug":"merci","status":"publish","type":"page","link":"https:\/\/nidenvol.be\/index.php\/merci\/","title":{"rendered":"Merci"},"content":{"rendered":"<p>VOUS ETES <strong>FOR-MI-DA-BLES<\/strong> !!!<br \/>\n<strong>Nous vous remercions pour chacun de vos t\u00e9moignages de soutien et chacun des dons que vous avez fait<\/strong>; Gr\u00e2ce \u00e0 vous, \u00e0 votre <strong>GENEROSITE<\/strong> de <strong>COEUR<\/strong> et votre sensibilit\u00e9 aux<strong> VALEURS<\/strong> du Nid&rsquo;Envol, nous avons la chance d&rsquo;avoir pu financer la majeure partie des frais d&rsquo;installation et d&rsquo;\u00e9quipement de la cr\u00e8che&#8230; Waouw !!! C&rsquo;est absolument incroyable; jamais nous n&rsquo;avions imagin\u00e9 que cela soit possible.<br \/>\n1000 mercis \u00e0 vous.<\/p>\n","protected":false},"excerpt":{"rendered":"<p>VOUS ETES FOR-MI-DA-BLES !!! Nous vous remercions pour chacun de vos t\u00e9moignages de soutien et chacun des dons que vous avez fait; Gr\u00e2ce \u00e0 vous, \u00e0 votre GENEROSITE de COEUR et votre sensibilit\u00e9 aux VALEURS du Nid&rsquo;Envol, nous avons la&hellip; <br \/><a class=\"read-more-button\" href=\"https:\/\/nidenvol.be\/index.php\/merci\/\">Savoir plus<\/a><\/p>\n","protected":false},"author":1,"featured_media":0,"parent":0,"menu_order":0,"comment_status":"closed","ping_status":"closed","template":"","meta":{"footnotes":""},"class_list":["post-247","page","type-page","status-publish","hentry"],"_links":{"self":[{"href":"https:\/\/nidenvol.be\/index.php\/wp-json\/wp\/v2\/pages\/247","targetHints":{"allow":["GET"]}}],"collection":[{"href":"https:\/\/nidenvol.be\/index.php\/wp-json\/wp\/v2\/pages"}],"about":[{"href":"https:\/\/nidenvol.be\/index.php\/wp-json\/wp\/v2\/types\/page"}],"author":[{"embeddable":true,"href":"https:\/\/nidenvol.be\/index.php\/wp-json\/wp\/v2\/users\/1"}],"replies":[{"embeddable":true,"href":"https:\/\/nidenvol.be\/index.php\/wp-json\/wp\/v2\/comments?post=247"}],"version-history":[{"count":41,"href":"https:\/\/nidenvol.be\/index.php\/wp-json\/wp\/v2\/pages\/247\/revisions"}],"predecessor-version":[{"id":522,"href":"https:\/\/nidenvol.be\/index.php\/wp-json\/wp\/v2\/pages\/247\/revisions\/522"}],"wp:attachment":[{"href":"https:\/\/nidenvol.be\/index.php\/wp-json\/wp\/v2\/media?parent=247"}],"curies":[{"name":"wp","href":"https:\/\/api.w.org\/{rel}","templated":true}]}}