{"id":2,"date":"2015-10-07T14:31:51","date_gmt":"2015-10-07T13:31:51","guid":{"rendered":"http:\/\/nidenvol.be\/?page_id=2"},"modified":"2025-11-20T19:15:56","modified_gmt":"2025-11-20T18:15:56","slug":"page-d-exemple","status":"publish","type":"page","link":"https:\/\/nidenvol.be\/","title":{"rendered":"Bienvenue sur le site de la cr\u00e8che NID&rsquo;Envol"},"content":{"rendered":"<p><strong>Si nous avons cr\u00e9\u00e9 le Nid\u2019Envol, c\u2019est parce que nous sommes anim\u00e9s par le profond d\u00e9sir de revenir \u00e0 l&rsquo;essentiel, l\u2019<span style=\"color: #ca3088;\">envie de contribuer \u00e0 rendre le monde plus respectueux des hommes et de la nature<\/span>&#8230; Chaque \u00eatre humain est unique et m\u00e9rite le meilleur. Proposer aux parents de s&rsquo;approprier notre projet p\u00e9dagogique et s&rsquo;impliquer dans notre milieu d&rsquo;accueil pour accompagner le d\u00e9veloppement de leur enfant est notre fa\u00e7on d&rsquo;y contribuer.<\/strong><br \/>\nEn commen\u00e7ant par construire des <span style=\"color: #ca3088;\">liens avec les parents<\/span>, en prenant le temps, dans une structure de petite taille, nous souhaitons apporter notre contribution au processus d\u00e9licat qui permet au tout-petit de <span style=\"color: #ca3088;\">grandir et s\u2019\u00e9panouir<\/span>&#8230;<br \/>\nParce qu\u2019elles sont en pleine construction\u00a0: <span style=\"color: #ca3088;\">s\u00e9curit\u00e9 int\u00e9rieure, confiance en soi, estime de soi<\/span> sont au centre de nos pr\u00e9occupations.<br \/>\nParce qu\u2019elles font parties de nos valeurs fondatrices, au m\u00eame titre que le <strong>respect, la bienveillance et la coop\u00e9ration,<\/strong>\u00a0 notre projet d&rsquo;accueil y puise ses racines et continue de se construire au fil des exp\u00e9riences partag\u00e9es en \u00e9quipe, avec les autres professionnels, avec les enfants et leurs familles.<\/p>\n","protected":false},"excerpt":{"rendered":"<p>Si nous avons cr\u00e9\u00e9 le Nid\u2019Envol, c\u2019est parce que nous sommes anim\u00e9s par le profond d\u00e9sir de revenir \u00e0 l&rsquo;essentiel, l\u2019envie de contribuer \u00e0 rendre le monde plus respectueux des hommes et de la nature&#8230; Chaque \u00eatre humain est unique&hellip; <br \/><a class=\"read-more-button\" href=\"https:\/\/nidenvol.be\/\">Savoir plus<\/a><\/p>\n","protected":false},"author":1,"featured_media":782,"parent":27,"menu_order":0,"comment_status":"closed","ping_status":"open","template":"","meta":{"footnotes":""},"class_list":["post-2","page","type-page","status-publish","has-post-thumbnail","hentry"],"_links":{"self":[{"href":"https:\/\/nidenvol.be\/index.php\/wp-json\/wp\/v2\/pages\/2","targetHints":{"allow":["GET"]}}],"collection":[{"href":"https:\/\/nidenvol.be\/index.php\/wp-json\/wp\/v2\/pages"}],"about":[{"href":"https:\/\/nidenvol.be\/index.php\/wp-json\/wp\/v2\/types\/page"}],"author":[{"embeddable":true,"href":"https:\/\/nidenvol.be\/index.php\/wp-json\/wp\/v2\/users\/1"}],"replies":[{"embeddable":true,"href":"https:\/\/nidenvol.be\/index.php\/wp-json\/wp\/v2\/comments?post=2"}],"version-history":[{"count":23,"href":"https:\/\/nidenvol.be\/index.php\/wp-json\/wp\/v2\/pages\/2\/revisions"}],"predecessor-version":[{"id":781,"href":"https:\/\/nidenvol.be\/index.php\/wp-json\/wp\/v2\/pages\/2\/revisions\/781"}],"up":[{"embeddable":true,"href":"https:\/\/nidenvol.be\/index.php\/wp-json\/wp\/v2\/pages\/27"}],"wp:featuredmedia":[{"embeddable":true,"href":"https:\/\/nidenvol.be\/index.php\/wp-json\/wp\/v2\/media\/782"}],"wp:attachment":[{"href":"https:\/\/nidenvol.be\/index.php\/wp-json\/wp\/v2\/media?parent=2"}],"curies":[{"name":"wp","href":"https:\/\/api.w.org\/{rel}","templated":true}]}}