{"id":195,"date":"2015-10-19T22:35:08","date_gmt":"2015-10-19T21:35:08","guid":{"rendered":"http:\/\/nidenvol.be\/?page_id=195"},"modified":"2025-11-20T19:06:20","modified_gmt":"2025-11-20T18:06:20","slug":"demande-dinscription","status":"publish","type":"page","link":"https:\/\/nidenvol.be\/index.php\/demande-dinscription\/","title":{"rendered":"Inscrire votre enfant"},"content":{"rendered":"<p><strong>Le Nid&rsquo;Envol est complet pour l&rsquo;instant&#8230;<\/strong><br \/>\nLes possibilit\u00e9s de nouvelles entr\u00e9es pour d\u00e9but 2026 sont r\u00e9duites et la liste d&rsquo;attente est longue (m\u00eame si elle n&rsquo;est pas repr\u00e9sentative de la demande r\u00e9elle puisque beaucoup d&rsquo;enfants sont sur plusieurs listes). Et en m\u00eame temps,\u00a0\u00a0si notre projet vous touche en termes de valeurs, nous vous proposons <strong>d&rsquo;inscrire votre enfant sur la liste d\u2019attente via le formulaire ci-dessous; \u00a0on ne sait jamais ce que la vie nous r\u00e9serve !<br \/>\n<\/strong>Nous vous recontacterons, si une possibilit\u00e9 se pr\u00e9sente, pour une rencontre et une visite du Nid&rsquo;Envol. Par ailleurs, <strong>nous vous demandons de nous informer si vous trouvez, entre temps, une autre solution d&rsquo;accueil.<\/strong><br \/>\nNous vous remercions pour votre collaboration et votre compr\u00e9hension.<\/p>\n<div class=\"cf7sg-container\"><div id=\"cf7sg-form-contact-form-1\" class=\"cf7-smart-grid has-date has-grid key_contact-form-1\">\n<div class=\"wpcf7 no-js\" id=\"wpcf7-f460-o1\" lang=\"en-US\" dir=\"ltr\" data-wpcf7-id=\"460\">\n<div class=\"screen-reader-response\"><p role=\"status\" aria-live=\"polite\" aria-atomic=\"true\"><\/p> <ul><\/ul><\/div>\n<form action=\"\/index.php\/wp-json\/wp\/v2\/pages\/195#wpcf7-f460-o1\" method=\"post\" class=\"wpcf7-form init\" aria-label=\"Contact form\" novalidate=\"novalidate\" data-status=\"init\">\n<fieldset class=\"hidden-fields-container\"><input type=\"hidden\" name=\"_wpcf7\" value=\"460\" \/><input type=\"hidden\" name=\"_wpcf7_version\" value=\"6.1.5\" \/><input type=\"hidden\" name=\"_wpcf7_locale\" value=\"en_US\" \/><input type=\"hidden\" name=\"_wpcf7_unit_tag\" value=\"wpcf7-f460-o1\" \/><input type=\"hidden\" name=\"_wpcf7_container_post\" value=\"0\" \/><input type=\"hidden\" name=\"_wpcf7_posted_data_hash\" value=\"\" \/><input type=\"hidden\" name=\"_wpcf7_key\" value=\"contact-form-1\" \/><input type=\"hidden\" name=\"_cf7sg_toggles\" value=\"\" \/><input type=\"hidden\" name=\"_cf7sg_version\" value=\"4.15.8\" \/><input type=\"hidden\" name=\"_wpnonce\" value=\"7ec941ee31\" \/>\n<\/fieldset>\n<div id=\"formulaire-responsive\" class=\"container\">\n  <div class=\"row\">\n    <div class=\"columns one-half\">\n      Nom (de l'enfant)<span class=\"etoile\">*<\/span> <span class=\"wpcf7-form-control-wrap\" data-name=\"nom\"><input size=\"40\" maxlength=\"400\" class=\"wpcf7-form-control wpcf7-text wpcf7-validates-as-required\" aria-required=\"true\" aria-invalid=\"false\" value=\"\" type=\"text\" name=\"nom\" \/><\/span><\/div>\n    <div class=\"columns one-half\">\n      Pr\u00e9nom (de l'enfant)<span class=\"etoile\">*<\/span> <span class=\"wpcf7-form-control-wrap\" data-name=\"prenom\"><input size=\"40\" maxlength=\"400\" class=\"wpcf7-form-control wpcf7-text wpcf7-validates-as-required\" aria-required=\"true\" aria-invalid=\"false\" value=\"\" type=\"text\" name=\"prenom\" \/><\/span><\/div>\n  <\/div>\n  <div class=\"row\">\n    <div class=\"columns one-half\">\n      Date de naissance r\u00e9elle ou pr\u00e9sum\u00e9e<span class=\"etoile\">*<\/span> <span class=\"wpcf7-form-control-wrap\" data-name=\"date-naissance\"><input class=\"wpcf7-form-control wpcf7-date wpcf7-validates-as-required wpcf7-validates-as-date\" aria-required=\"true\" aria-invalid=\"false\" value=\"\" type=\"date\" name=\"date-naissance\" \/><\/span><\/div>\n    <div class=\"columns one-half\">\n      Date d'entr\u00e9e souhait\u00e9e<span class=\"etoile\">*<\/span> <span class=\"wpcf7-form-control-wrap\" data-name=\"date-entree\"><input class=\"wpcf7-form-control wpcf7-date wpcf7-validates-as-required wpcf7-validates-as-date\" aria-required=\"true\" aria-invalid=\"false\" value=\"\" type=\"date\" name=\"date-entree\" \/><\/span><\/div>\n  <\/div>\n  <div class=\"row\">\n    <div class=\"columns full\">\n      Jours de pr\u00e9sences souhait\u00e9s <span class=\"wpcf7-form-control-wrap\" data-name=\"jours\"><select class=\"wpcf7-form-control wpcf7-select wpcf7-validates-as-required\" aria-required=\"true\" aria-invalid=\"false\" name=\"jours\"><option value=\"5 JOURS\/SEM\">5 JOURS\/SEM<\/option><option value=\"4 JOURS\/SEM (LU-MA-JE-VE)\">4 JOURS\/SEM (LU-MA-JE-VE)<\/option><option value=\"3 JOURS\/SEM (LU-MA-ME)\">3 JOURS\/SEM (LU-MA-ME)<\/option><option value=\"3 JOURS\/SEM (ME-JE-VE)\">3 JOURS\/SEM (ME-JE-VE)<\/option><\/select><\/span><\/div>\n  <\/div>\n  <div class=\"row\">\n    <div class=\"columns one-half\">\n      T\u00e9l. parents (en journ\u00e9e)<span class=\"etoile\">*<\/span> <span class=\"wpcf7-form-control-wrap\" data-name=\"tel\"><input size=\"40\" maxlength=\"400\" class=\"wpcf7-form-control wpcf7-tel wpcf7-validates-as-required wpcf7-text wpcf7-validates-as-tel\" aria-required=\"true\" aria-invalid=\"false\" value=\"\" type=\"tel\" name=\"tel\" \/><\/span><\/div>\n    <div class=\"columns one-half\">\n      E-mail parents<span class=\"etoile\">*<\/span> <span class=\"wpcf7-form-control-wrap\" data-name=\"email\"><input size=\"40\" maxlength=\"400\" class=\"wpcf7-form-control wpcf7-email wpcf7-validates-as-required wpcf7-text wpcf7-validates-as-email\" aria-required=\"true\" aria-invalid=\"false\" value=\"\" type=\"email\" name=\"email\" \/><\/span><\/div>\n  <\/div>\n  <div class=\"row\">\n    <div class=\"columns one-half\">\n      Membre UCL <span class=\"wpcf7-form-control-wrap\" data-name=\"ucl\"><span class=\"wpcf7-form-control wpcf7-checkbox wpcf7-exclusive-checkbox\"><span class=\"wpcf7-list-item first\"><input type=\"checkbox\" name=\"ucl\" value=\"OUI\" \/><span class=\"wpcf7-list-item-label\">OUI<\/span><\/span><span class=\"wpcf7-list-item last\"><input type=\"checkbox\" name=\"ucl\" value=\"NON\" \/><span class=\"wpcf7-list-item-label\">NON<\/span><\/span><\/span><\/span><\/div>\n    <div class=\"columns one-half\">\n      Num\u00e9ro pr\u00e9-demande ONE <span class=\"wpcf7-form-control-wrap\" data-name=\"numero-ONE\"><input size=\"40\" maxlength=\"400\" class=\"wpcf7-form-control wpcf7-text wpcf7-validates-as-required\" aria-required=\"true\" aria-invalid=\"false\" value=\"\" type=\"text\" name=\"numero-ONE\" \/><\/span>\n      <p>Obligatoire \u00e0pd janvier 2026<\/p>\n    <\/div>\n  <\/div>\n  <div class=\"row\">\n    <div class=\"columns one-half\">\n      Rue <span class=\"wpcf7-form-control-wrap\" data-name=\"rue\"><input size=\"40\" maxlength=\"400\" class=\"wpcf7-form-control wpcf7-text\" aria-invalid=\"false\" value=\"\" type=\"text\" name=\"rue\" \/><\/span><\/div>\n    <div class=\"columns one-half\">\n      Num\u00e9ro <span class=\"wpcf7-form-control-wrap\" data-name=\"numero\"><input class=\"wpcf7-form-control wpcf7-number wpcf7-validates-as-number\" max=\"9999\" aria-invalid=\"false\" value=\"\" type=\"number\" name=\"numero\" \/><\/span><\/div>\n  <\/div>\n  <div class=\"row\">\n    <div class=\"columns one-half\">\n      Code postal<span class=\"etoile\">*<\/span> <span class=\"wpcf7-form-control-wrap\" data-name=\"codepostal\"><input class=\"wpcf7-form-control wpcf7-number wpcf7-validates-as-required wpcf7-validates-as-number\" min=\"0\" max=\"9999\" aria-required=\"true\" aria-invalid=\"false\" value=\"\" type=\"number\" name=\"codepostal\" \/><\/span><\/div>\n    <div class=\"columns one-half\">\n      Ville <span class=\"wpcf7-form-control-wrap\" data-name=\"ville\"><input size=\"40\" maxlength=\"400\" class=\"wpcf7-form-control wpcf7-text\" aria-invalid=\"false\" value=\"\" type=\"text\" name=\"ville\" \/><\/span><\/div>\n  <\/div>\n  <div class=\"row\">\n    <div class=\"columns full\">\n      Commentaire <span class=\"wpcf7-form-control-wrap\" data-name=\"commentaire\"><textarea cols=\"40\" rows=\"10\" maxlength=\"2000\" class=\"wpcf7-form-control wpcf7-textarea\" aria-invalid=\"false\" name=\"commentaire\"><\/textarea><\/span><\/div>\n  <\/div>\n  <div class=\"row\">\n    <div class=\"columns full\">\n      <input class=\"wpcf7-form-control wpcf7-submit has-spinner\" type=\"submit\" value=\"Envoyer\" \/><\/div>\n  <\/div>\n  <div class=\"row\">\n    <div class=\"columns full\">\n      <span class=\"etoile\">*<\/span> : Ces champs sont obligatoires.<\/div>\n  <\/div>\n<\/div><p style=\"display: none !important;\" class=\"akismet-fields-container\" data-prefix=\"_wpcf7_ak_\"><label>&#916;<textarea name=\"_wpcf7_ak_hp_textarea\" cols=\"45\" rows=\"8\" maxlength=\"100\"><\/textarea><\/label><input type=\"hidden\" id=\"ak_js_1\" name=\"_wpcf7_ak_js\" value=\"131\"\/><script>document.getElementById( \"ak_js_1\" ).setAttribute( \"value\", ( new Date() ).getTime() );<\/script><\/p><div class=\"wpcf7-response-output\" aria-hidden=\"true\"><\/div>\n<\/form>\n<\/div>\n<\/div><\/div>\n","protected":false},"excerpt":{"rendered":"<p>Le Nid&rsquo;Envol est complet pour l&rsquo;instant&#8230; Les possibilit\u00e9s de nouvelles entr\u00e9es pour d\u00e9but 2026 sont r\u00e9duites et la liste d&rsquo;attente est longue (m\u00eame si elle n&rsquo;est pas repr\u00e9sentative de la demande r\u00e9elle puisque beaucoup d&rsquo;enfants sont sur plusieurs listes). Et&hellip; <br \/><a class=\"read-more-button\" href=\"https:\/\/nidenvol.be\/index.php\/demande-dinscription\/\">Savoir plus<\/a><\/p>\n","protected":false},"author":1,"featured_media":0,"parent":0,"menu_order":0,"comment_status":"closed","ping_status":"closed","template":"","meta":{"footnotes":""},"class_list":["post-195","page","type-page","status-publish","hentry"],"_links":{"self":[{"href":"https:\/\/nidenvol.be\/index.php\/wp-json\/wp\/v2\/pages\/195","targetHints":{"allow":["GET"]}}],"collection":[{"href":"https:\/\/nidenvol.be\/index.php\/wp-json\/wp\/v2\/pages"}],"about":[{"href":"https:\/\/nidenvol.be\/index.php\/wp-json\/wp\/v2\/types\/page"}],"author":[{"embeddable":true,"href":"https:\/\/nidenvol.be\/index.php\/wp-json\/wp\/v2\/users\/1"}],"replies":[{"embeddable":true,"href":"https:\/\/nidenvol.be\/index.php\/wp-json\/wp\/v2\/comments?post=195"}],"version-history":[{"count":46,"href":"https:\/\/nidenvol.be\/index.php\/wp-json\/wp\/v2\/pages\/195\/revisions"}],"predecessor-version":[{"id":779,"href":"https:\/\/nidenvol.be\/index.php\/wp-json\/wp\/v2\/pages\/195\/revisions\/779"}],"wp:attachment":[{"href":"https:\/\/nidenvol.be\/index.php\/wp-json\/wp\/v2\/media?parent=195"}],"curies":[{"name":"wp","href":"https:\/\/api.w.org\/{rel}","templated":true}]}}