{"id":100,"date":"2015-10-08T00:22:34","date_gmt":"2015-10-07T23:22:34","guid":{"rendered":"http:\/\/nidenvol.be\/?page_id=100"},"modified":"2024-04-07T12:56:39","modified_gmt":"2024-04-07T11:56:39","slug":"4-co-fondatrices","status":"publish","type":"page","link":"https:\/\/nidenvol.be\/index.php\/4-co-fondatrices\/","title":{"rendered":"Les co-fondatrices"},"content":{"rendered":"<p><em>(Sur la photo, dans l&rsquo;ordre : Pia, Del, Soph et Chacha)<\/em><\/p>\n<p>J\u2019avais un r\u00eave et je l\u2019ai concr\u00e9tis\u00e9 :<br \/>\nJe r\u00eavais\u00a0de cr\u00e9er et travailler dans\u00a0un milieu d\u2019accueil qui soit un vrai lieu de bienveillance, d\u2019ouverture au monde et de reconnexion \u00e0 la nature.<br \/>\nUne cr\u00e8che qui int\u00e8gre et transmette les si belles valeurs humaines que mes parents m\u2019ont transmises.<br \/>\nUn lieu o\u00f9 chacun se sente accueilli tel qu\u2019il est et reconnu pour toutes ses qualit\u00e9s et ses diff\u00e9rences, un endroit qui respire la joie de vivre et o\u00f9 l\u2019on s\u00e8me des graines d\u2019amour, d\u2019\u00e9coute, de respect, d\u2019empathie, de collaboration et de bienveillance pour le monde de demain.<br \/>\nEnfin, une cr\u00e8che qui soit le plus accessible aux parents sur le plan de la participation financi\u00e8re.<\/p>\n<p>C&rsquo;est ainsi que j&rsquo;ai fond\u00e9 <strong>L&rsquo;ASBL Nid&rsquo;Envol <\/strong>avec<strong>\u00a0<span style=\"color: #ca3088;\">3 femmes extra-ordinaires<\/span> aux profils h\u00e9t\u00e9roclites mais aux <span style=\"color: #93c01f;\">valeurs communes<\/span><\/strong>.<br \/>\nElles m&rsquo;ont aid\u00e9 \u00e0 donner vie \u00e0 ce projet de cr\u00e8che et me soutiennent pour qu&rsquo;il reste centr\u00e9 sur l&rsquo;<strong><span style=\"color: #ca3088;\">humain<\/span><\/strong>\u00a0<strong><span style=\"color: #ca3088;\">en harmonie avec la nature<\/span><\/strong>\u00a0 : <strong>Vivre ensemble au rythme des saisons pour \u00e9veiller chez les tout-petits<\/strong>, un <span style=\"color: #93c01f;\"><strong>profond respect de la vie<\/strong><\/span>, des hommes et de la nature pour que les adultes qu&rsquo;ils deviendront y soient sensibles et agissent pour le bien \u00eatre de notre plan\u00e8te m\u00e8re&#8230;<\/p>\n<p><strong>Delphine SCHANCK,<br \/>\n<\/strong><em>Fondatrice &amp; Administratrice d\u00e9l\u00e9gu\u00e9e \u00e0 la gestion journali\u00e8re<br \/>\n<\/em><em>Directrice de la cr\u00e8che NID\u2019ENVOL<\/em><\/p>\n<p>PS : Mu, ma toute belle, je te d\u00e9die le Nid\u2019Envol; il est n\u00e9 en faisant mon deuil de toi, je t\u2019aime. Tu me manques&#8230;<br \/>\nDel, ta petite s\u0153urette for ever<em><br \/>\n<\/em><\/p>\n<p>&nbsp;<\/p>\n","protected":false},"excerpt":{"rendered":"<p>(Sur la photo, dans l&rsquo;ordre : Pia, Del, Soph et Chacha) J\u2019avais un r\u00eave et je l\u2019ai concr\u00e9tis\u00e9 : Je r\u00eavais\u00a0de cr\u00e9er et travailler dans\u00a0un milieu d\u2019accueil qui soit un vrai lieu de bienveillance, d\u2019ouverture au monde et de reconnexion&hellip; <br \/><a class=\"read-more-button\" href=\"https:\/\/nidenvol.be\/index.php\/4-co-fondatrices\/\">Savoir plus<\/a><\/p>\n","protected":false},"author":1,"featured_media":185,"parent":0,"menu_order":0,"comment_status":"closed","ping_status":"closed","template":"","meta":{"footnotes":""},"class_list":["post-100","page","type-page","status-publish","has-post-thumbnail","hentry"],"_links":{"self":[{"href":"https:\/\/nidenvol.be\/index.php\/wp-json\/wp\/v2\/pages\/100","targetHints":{"allow":["GET"]}}],"collection":[{"href":"https:\/\/nidenvol.be\/index.php\/wp-json\/wp\/v2\/pages"}],"about":[{"href":"https:\/\/nidenvol.be\/index.php\/wp-json\/wp\/v2\/types\/page"}],"author":[{"embeddable":true,"href":"https:\/\/nidenvol.be\/index.php\/wp-json\/wp\/v2\/users\/1"}],"replies":[{"embeddable":true,"href":"https:\/\/nidenvol.be\/index.php\/wp-json\/wp\/v2\/comments?post=100"}],"version-history":[{"count":23,"href":"https:\/\/nidenvol.be\/index.php\/wp-json\/wp\/v2\/pages\/100\/revisions"}],"predecessor-version":[{"id":582,"href":"https:\/\/nidenvol.be\/index.php\/wp-json\/wp\/v2\/pages\/100\/revisions\/582"}],"wp:featuredmedia":[{"embeddable":true,"href":"https:\/\/nidenvol.be\/index.php\/wp-json\/wp\/v2\/media\/185"}],"wp:attachment":[{"href":"https:\/\/nidenvol.be\/index.php\/wp-json\/wp\/v2\/media?parent=100"}],"curies":[{"name":"wp","href":"https:\/\/api.w.org\/{rel}","templated":true}]}}